{"id":14297,"date":"2025-02-21T11:28:07","date_gmt":"2025-02-21T10:28:07","guid":{"rendered":"https:\/\/entroidodevianadobolo.gal\/?page_id=14297"},"modified":"2025-06-16T09:42:39","modified_gmt":"2025-06-16T07:42:39","slug":"aviso-legal","status":"publish","type":"page","link":"https:\/\/entroidodevianadobolo.gal\/en\/aviso-legal\/","title":{"rendered":"Legal notice"},"content":{"rendered":"<p><strong>1. - LEGAL NOTICE AND INFORMATION<\/strong><\/p>\n\n\n\n<p>In compliance with Law 34\/2002, of July 11, on Information Society Services and Electronic Commerce, the following identifying details of the entity are provided:<\/p>\n\n\n\n<p><strong>Concello de Viana do Bolo<\/strong><\/p>\n\n\n\n<p><strong>Email:<\/strong> info@vianadobolo.es<br><strong>CIF: <\/strong>P3208700I<br><strong>ADDRESS:<\/strong> R\u00faa da Constituci\u00f3n, 14. 32550<br><strong>PHONE:<\/strong> 988 34 01 20<\/p>\n\n\n\n<p><\/p>\n\n\n\n<p><strong>2.- PURPOSE<\/strong><\/p>\n\n\n\n<p>The website <strong>entroidodevianadobolo.gal<\/strong> provides users with access to and use of various services and content made available by the <strong>Concello de Viana do Bolo<\/strong>.<\/p>\n\n\n\n<p><\/p>\n\n\n\n<p><strong>3.- TERMS OF USE AND ACCEPTANCE<\/strong><\/p>\n\n\n\n<p>The use of this website <strong>entroidodevianadobolo.gal<\/strong> is subject to the following terms of use. Please read them carefully. By accessing this website and using the materials contained herein, you acknowledge that you have read and accept these conditions without any reservations.<\/p>\n\n\n\n<p><\/p>\n\n\n\n<p>These materials may be modified, expanded, or updated without prior notice.<\/p>\n\n\n\n<p><\/p>\n\n\n\n<p><strong>4.- INTELLECTUAL PROPERTY<\/strong><\/p>\n\n\n\n<p>The intellectual property rights of the <strong><strong>entroidodevianadobolo.gal<\/strong><\/strong>page, its source code, design, navigation structure, databases, and various elements it contains are the exclusive property of the <strong><strong>Concello de Viana do Bolo<\/strong><\/strong>, which holds the exclusive rights of exploitation, including reproduction, distribution, public communication, and modification.<\/p>\n\n\n\n<p><\/p>\n\n\n\n<p>Any transmission, distribution, reproduction, public communication, making available, modification, handling, or storage\u2014whether total or partial\u2014requires the prior and express written consent of the <strong><strong>Concello de Viana do Bolo<\/strong><\/strong>, except where otherwise stated. Unless expressly authorized in writing, the establishment of technical linking devices that allow direct access from third-party pages to the <strong><strong>Concello de Viana do Bolo<\/strong><\/strong>.<\/p>\n\n\n\n<p><\/p>\n\n\n\n<p>This website may contain technical links to external pages over which the <strong><strong>Concello de Viana do Bolo<\/strong><\/strong> assumes no responsibility whatsoever regarding their content or any other aspect related to those pages or their access.<\/p>\n\n\n\n<p><\/p>\n\n\n\n<p>The <strong><strong>Concello de Viana do Bolo<\/strong><\/strong> reserves the right to make modifications and updates to the information contained on the website, its configuration, presentation, and access conditions at any time and without prior notice.<\/p>\n\n\n\n<p><\/p>\n\n\n\n<p>The <strong><strong>Concello de Viana do Bolo<\/strong><\/strong> does not guarantee the absence of interruptions, errors in accessing the website, or its content, nor that it will always be up to date. However, it will make every effort to correct errors, restore communication, and update content as soon as possible when informed of any issues.<\/p>\n\n\n\n<p><\/p>\n\n\n\n<p>Both access to the website and unauthorized use of the information contained therein are the sole responsibility of the user. The <strong><strong>Concello de Viana do Bolo<\/strong><\/strong> will not be liable for any consequences, damages, or harm that may arise from such access or use.<\/p>\n\n\n\n<p><\/p>\n\n\n\n<p>The <strong>Concello de Viana do Bolo<\/strong> is not responsible for security errors that may occur or for any damage that may be caused to the user\u2019s computer system (hardware and software), files, or documents stored therein as a result of:<\/p>\n\n\n\n<ul class=\"wp-block-list\">\n<li>The presence of a virus on the user\u2019s device used to connect to the website\u2019s services and content.<\/li>\n\n\n\n<li>A malfunction of the browser.<\/li>\n\n\n\n<li>The use of non-updated versions of the browser.<\/li>\n<\/ul>\n\n\n\n<p><\/p>\n\n\n\n<p>Unauthorized use of the information contained on the website, its resale, as well as any infringement of the intellectual or industrial property rights of the <strong><strong>Concello de Viana do Bolo<\/strong><\/strong>, will result in legal consequences.<\/p>\n\n\n\n<p><\/p>\n\n\n\n<p>All information and data described on the <strong><strong>entroidodevianadobolo.gal<\/strong><\/strong> website have been sourced from reliable references and refer exclusively to the geographical area of Spain. The <strong><strong>Concello de Viana do Bolo<\/strong><\/strong> may modify any information contained herein without prior notice, and such information is not subject to any warranty.<\/p>\n\n\n\n<p><\/p>\n\n\n\n<p>The <strong><strong>Concello de Viana do Bolo<\/strong><\/strong> is not responsible for any direct or indirect damage that may arise from the accuracy, truthfulness, or completeness of this information or from its use.<\/p>\n\n\n\n<p><\/p>\n\n\n\n<p>Under no circumstances shall it be understood that, by accessing this website <strong><strong>entroidodevianadobolo.gal<\/strong><\/strong>, the user obtains a license or authorization to use, beyond strictly private use, any content, information, or services existing on the website <strong><strong>entroidodevianadobolo.gal<\/strong><\/strong>nor any rights related to them, particularly those concerning intellectual and industrial property.<\/p>\n\n\n\n<p><\/p>\n\n\n\n<p>The <strong><strong>Concello de Viana do Bolo<\/strong><\/strong> reserves the right to store the IP addresses of users who access the website to generate access statistics, track user activity, and collect broad demographic information. This data will be stored for the maximum period required by law.<\/p>\n\n\n\n<p><\/p>\n\n\n\n<p>This legal notice is governed in all respects by Spanish law.<\/p>\n\n\n\n<p><\/p>","protected":false},"excerpt":{"rendered":"<p>1.- AVISO E INFORMACI\u00d3N LEGAL En cumplimiento de la Ley 34\/2002, de 11 de julio, de servicios de la sociedad de la informaci\u00f3n y comercio electr\u00f3nico, a continuaci\u00f3n, se exponen los datos identificativos de la empresa: Concello de Viana do Bolo Correo electr\u00f3nico: info@vianadobolo.esCIF: P3208700IDOMICILIO: R\u00faa da Constituci\u00f3n, 14. 32550TEL\u00c9FONO: 988 34 01 20 2.- [&hellip;]<\/p>","protected":false},"author":1,"featured_media":0,"parent":0,"menu_order":0,"comment_status":"closed","ping_status":"closed","template":"","meta":{"iawp_total_views":7,"footnotes":""},"class_list":["post-14297","page","type-page","status-publish","hentry"],"yoast_head":"<!-- This site is optimized with the Yoast SEO plugin v26.8 - https:\/\/yoast.com\/product\/yoast-seo-wordpress\/ -->\n<title>Aviso legal - Entroido de Viana do Bolo<\/title>\n<meta name=\"robots\" content=\"noindex, follow\" \/>\n<meta property=\"og:locale\" content=\"en_GB\" \/>\n<meta property=\"og:type\" content=\"article\" \/>\n<meta property=\"og:title\" content=\"Aviso legal - Entroido de Viana do Bolo\" \/>\n<meta property=\"og:description\" content=\"1.- AVISO E INFORMACI\u00d3N LEGAL En cumplimiento de la Ley 34\/2002, de 11 de julio, de servicios de la sociedad de la informaci\u00f3n y comercio electr\u00f3nico, a continuaci\u00f3n, se exponen los datos identificativos de la empresa: Concello de Viana do Bolo Correo electr\u00f3nico: info@vianadobolo.esCIF: P3208700IDOMICILIO: R\u00faa da Constituci\u00f3n, 14. 32550TEL\u00c9FONO: 988 34 01 20 2.- [&hellip;]\" \/>\n<meta property=\"og:url\" content=\"https:\/\/entroidodevianadobolo.gal\/en\/aviso-legal\/\" \/>\n<meta property=\"og:site_name\" content=\"Entroido de Viana do Bolo\" \/>\n<meta property=\"article:publisher\" content=\"https:\/\/www.facebook.com\/EntroidodeVianadoBolo\" \/>\n<meta property=\"article:modified_time\" content=\"2025-06-16T07:42:39+00:00\" \/>\n<meta property=\"og:image\" content=\"https:\/\/entroidodevianadobolo.gal\/wp-content\/uploads\/2024\/01\/fondo-video.jpg\" \/>\n\t<meta property=\"og:image:width\" content=\"1170\" \/>\n\t<meta property=\"og:image:height\" content=\"779\" \/>\n\t<meta property=\"og:image:type\" content=\"image\/jpeg\" \/>\n<meta name=\"twitter:card\" content=\"summary_large_image\" \/>\n<meta name=\"twitter:site\" content=\"@entroidovianabo\" \/>\n<script type=\"application\/ld+json\" class=\"yoast-schema-graph\">{\"@context\":\"https:\/\/schema.org\",\"@graph\":[{\"@type\":\"WebPage\",\"@id\":\"https:\/\/entroidodevianadobolo.gal\/aviso-legal\/\",\"url\":\"https:\/\/entroidodevianadobolo.gal\/aviso-legal\/\",\"name\":\"Aviso legal - Entroido de Viana do Bolo\",\"isPartOf\":{\"@id\":\"https:\/\/entroidodevianadobolo.gal\/gl\/#website\"},\"datePublished\":\"2025-02-21T10:28:07+00:00\",\"dateModified\":\"2025-06-16T07:42:39+00:00\",\"breadcrumb\":{\"@id\":\"https:\/\/entroidodevianadobolo.gal\/aviso-legal\/#breadcrumb\"},\"inLanguage\":\"en-GB\",\"potentialAction\":[{\"@type\":\"ReadAction\",\"target\":[\"https:\/\/entroidodevianadobolo.gal\/aviso-legal\/\"]}]},{\"@type\":\"BreadcrumbList\",\"@id\":\"https:\/\/entroidodevianadobolo.gal\/aviso-legal\/#breadcrumb\",\"itemListElement\":[{\"@type\":\"ListItem\",\"position\":1,\"name\":\"Portada\",\"item\":\"https:\/\/entroidodevianadobolo.gal\/\"},{\"@type\":\"ListItem\",\"position\":2,\"name\":\"Aviso legal\"}]},{\"@type\":\"WebSite\",\"@id\":\"https:\/\/entroidodevianadobolo.gal\/gl\/#website\",\"url\":\"https:\/\/entroidodevianadobolo.gal\/gl\/\",\"name\":\"Entroido de Viana do Bolo\",\"description\":\"\",\"publisher\":{\"@id\":\"https:\/\/entroidodevianadobolo.gal\/gl\/#organization\"},\"potentialAction\":[{\"@type\":\"SearchAction\",\"target\":{\"@type\":\"EntryPoint\",\"urlTemplate\":\"https:\/\/entroidodevianadobolo.gal\/gl\/?s={search_term_string}\"},\"query-input\":{\"@type\":\"PropertyValueSpecification\",\"valueRequired\":true,\"valueName\":\"search_term_string\"}}],\"inLanguage\":\"en-GB\"},{\"@type\":\"Organization\",\"@id\":\"https:\/\/entroidodevianadobolo.gal\/gl\/#organization\",\"name\":\"Entroido de Viana do Bolo\",\"url\":\"https:\/\/entroidodevianadobolo.gal\/gl\/\",\"logo\":{\"@type\":\"ImageObject\",\"inLanguage\":\"en-GB\",\"@id\":\"https:\/\/entroidodevianadobolo.gal\/gl\/#\/schema\/logo\/image\/\",\"url\":\"https:\/\/entroidodevianadobolo.gal\/wp-content\/uploads\/2024\/01\/fondo-video.jpg\",\"contentUrl\":\"https:\/\/entroidodevianadobolo.gal\/wp-content\/uploads\/2024\/01\/fondo-video.jpg\",\"width\":1170,\"height\":779,\"caption\":\"Entroido de Viana do Bolo\"},\"image\":{\"@id\":\"https:\/\/entroidodevianadobolo.gal\/gl\/#\/schema\/logo\/image\/\"},\"sameAs\":[\"https:\/\/www.facebook.com\/EntroidodeVianadoBolo\",\"https:\/\/x.com\/entroidovianabo\",\"https:\/\/www.instagram.com\/entroidodevianadobolo\/\"]}]}<\/script>\n<!-- \/ Yoast SEO plugin. -->","yoast_head_json":{"title":"Aviso legal - Entroido de Viana do Bolo","robots":{"index":"noindex","follow":"follow"},"og_locale":"en_GB","og_type":"article","og_title":"Aviso legal - Entroido de Viana do Bolo","og_description":"1.- AVISO E INFORMACI\u00d3N LEGAL En cumplimiento de la Ley 34\/2002, de 11 de julio, de servicios de la sociedad de la informaci\u00f3n y comercio electr\u00f3nico, a continuaci\u00f3n, se exponen los datos identificativos de la empresa: Concello de Viana do Bolo Correo electr\u00f3nico: info@vianadobolo.esCIF: P3208700IDOMICILIO: R\u00faa da Constituci\u00f3n, 14. 32550TEL\u00c9FONO: 988 34 01 20 2.- [&hellip;]","og_url":"https:\/\/entroidodevianadobolo.gal\/en\/aviso-legal\/","og_site_name":"Entroido de Viana do Bolo","article_publisher":"https:\/\/www.facebook.com\/EntroidodeVianadoBolo","article_modified_time":"2025-06-16T07:42:39+00:00","og_image":[{"width":1170,"height":779,"url":"https:\/\/entroidodevianadobolo.gal\/wp-content\/uploads\/2024\/01\/fondo-video.jpg","type":"image\/jpeg"}],"twitter_card":"summary_large_image","twitter_site":"@entroidovianabo","schema":{"@context":"https:\/\/schema.org","@graph":[{"@type":"WebPage","@id":"https:\/\/entroidodevianadobolo.gal\/aviso-legal\/","url":"https:\/\/entroidodevianadobolo.gal\/aviso-legal\/","name":"Aviso legal - Entroido de Viana do Bolo","isPartOf":{"@id":"https:\/\/entroidodevianadobolo.gal\/gl\/#website"},"datePublished":"2025-02-21T10:28:07+00:00","dateModified":"2025-06-16T07:42:39+00:00","breadcrumb":{"@id":"https:\/\/entroidodevianadobolo.gal\/aviso-legal\/#breadcrumb"},"inLanguage":"en-GB","potentialAction":[{"@type":"ReadAction","target":["https:\/\/entroidodevianadobolo.gal\/aviso-legal\/"]}]},{"@type":"BreadcrumbList","@id":"https:\/\/entroidodevianadobolo.gal\/aviso-legal\/#breadcrumb","itemListElement":[{"@type":"ListItem","position":1,"name":"Portada","item":"https:\/\/entroidodevianadobolo.gal\/"},{"@type":"ListItem","position":2,"name":"Aviso legal"}]},{"@type":"WebSite","@id":"https:\/\/entroidodevianadobolo.gal\/gl\/#website","url":"https:\/\/entroidodevianadobolo.gal\/gl\/","name":"Entroido de Viana do Bolo","description":"","publisher":{"@id":"https:\/\/entroidodevianadobolo.gal\/gl\/#organization"},"potentialAction":[{"@type":"SearchAction","target":{"@type":"EntryPoint","urlTemplate":"https:\/\/entroidodevianadobolo.gal\/gl\/?s={search_term_string}"},"query-input":{"@type":"PropertyValueSpecification","valueRequired":true,"valueName":"search_term_string"}}],"inLanguage":"en-GB"},{"@type":"Organization","@id":"https:\/\/entroidodevianadobolo.gal\/gl\/#organization","name":"Entroido de Viana do Bolo","url":"https:\/\/entroidodevianadobolo.gal\/gl\/","logo":{"@type":"ImageObject","inLanguage":"en-GB","@id":"https:\/\/entroidodevianadobolo.gal\/gl\/#\/schema\/logo\/image\/","url":"https:\/\/entroidodevianadobolo.gal\/wp-content\/uploads\/2024\/01\/fondo-video.jpg","contentUrl":"https:\/\/entroidodevianadobolo.gal\/wp-content\/uploads\/2024\/01\/fondo-video.jpg","width":1170,"height":779,"caption":"Entroido de Viana do Bolo"},"image":{"@id":"https:\/\/entroidodevianadobolo.gal\/gl\/#\/schema\/logo\/image\/"},"sameAs":["https:\/\/www.facebook.com\/EntroidodeVianadoBolo","https:\/\/x.com\/entroidovianabo","https:\/\/www.instagram.com\/entroidodevianadobolo\/"]}]}},"_links":{"self":[{"href":"https:\/\/entroidodevianadobolo.gal\/en\/wp-json\/wp\/v2\/pages\/14297","targetHints":{"allow":["GET"]}}],"collection":[{"href":"https:\/\/entroidodevianadobolo.gal\/en\/wp-json\/wp\/v2\/pages"}],"about":[{"href":"https:\/\/entroidodevianadobolo.gal\/en\/wp-json\/wp\/v2\/types\/page"}],"author":[{"embeddable":true,"href":"https:\/\/entroidodevianadobolo.gal\/en\/wp-json\/wp\/v2\/users\/1"}],"replies":[{"embeddable":true,"href":"https:\/\/entroidodevianadobolo.gal\/en\/wp-json\/wp\/v2\/comments?post=14297"}],"version-history":[{"count":4,"href":"https:\/\/entroidodevianadobolo.gal\/en\/wp-json\/wp\/v2\/pages\/14297\/revisions"}],"predecessor-version":[{"id":14301,"href":"https:\/\/entroidodevianadobolo.gal\/en\/wp-json\/wp\/v2\/pages\/14297\/revisions\/14301"}],"wp:attachment":[{"href":"https:\/\/entroidodevianadobolo.gal\/en\/wp-json\/wp\/v2\/media?parent=14297"}],"curies":[{"name":"wp","href":"https:\/\/api.w.org\/{rel}","templated":true}]}}