{"id":3,"date":"2023-12-22T11:06:50","date_gmt":"2023-12-22T10:06:50","guid":{"rendered":"https:\/\/entroidodevianadobolo.gal\/?page_id=3"},"modified":"2025-02-21T15:25:21","modified_gmt":"2025-02-21T14:25:21","slug":"politica-privacidad","status":"publish","type":"page","link":"https:\/\/entroidodevianadobolo.gal\/gl\/politica-privacidad\/","title":{"rendered":"Pol\u00edtica de Privacidade"},"content":{"rendered":"<p>Este sitio web ten como finalidade ofrecer informaci\u00f3n e servizos p\u00fablicos dos concellos titulares. Non se recollen datos persoais dos usuarios a trav\u00e9s deste sitio web.<\/p>\n\n\n\n<p><\/p>\n\n\n\n<h3 class=\"wp-block-heading\">1. <strong>USO DE COOKIES<\/strong><\/h3>\n\n\n\n<p>Este sitio web unicamente utiliza cookies t\u00e9cnicas necesarias para o seu funcionamento, que non permiten identificar ao usuario. Non se empregan cookies anal\u00edticas, publicitarias nin de terceiros sen o consentimento previo do usuario. Para m\u00e1is informaci\u00f3n, consulte a nosa Pol\u00edtica de Cookies.<\/p>\n\n\n\n<p><\/p>\n\n\n\n<h3 class=\"wp-block-heading\">2. <strong>LIGAZ\u00d3NS A SITIOS WEB DE TERCEIROS<\/strong><\/h3>\n\n\n\n<p>Este sitio web pode inclu\u00edr ligaz\u00f3ns a sitios web de terceiros cuxas pol\u00edticas de privacidade son alleas a esta. Non nos facemos responsables do tratamento de datos realizado neses sitios web.<\/p>\n\n\n\n<p><\/p>\n\n\n\n<h3 class=\"wp-block-heading\">3. <strong>MODIFICACI\u00d3N DA POL\u00cdTICA DE PRIVACIDADE<\/strong><\/h3>\n\n\n\n<p>O Concello de Viana do Bolo res\u00e9rvase o dereito a modificar a presente Pol\u00edtica de Privacidade para adaptala a cambios lexislativos ou de funcionamento do sitio web.<\/p>\n\n\n\n<div style=\"height:100px\" aria-hidden=\"true\" class=\"wp-block-spacer\"><\/div>","protected":false},"excerpt":{"rendered":"<p>El presente sitio web tiene como finalidad ofrecer informaci\u00f3n y servicios p\u00fablicos de los ayuntamientos titulares. No se recopilan datos personales de los usuarios a trav\u00e9s de este sitio web. 1. USO DE COOKIES Este sitio web \u00fanicamente utiliza cookies t\u00e9cnicas necesarias para su funcionamiento, que no permiten identificar al usuario. No se emplean cookies [&hellip;]<\/p>","protected":false},"author":1,"featured_media":0,"parent":0,"menu_order":0,"comment_status":"closed","ping_status":"open","template":"","meta":{"iawp_total_views":8,"footnotes":""},"class_list":["post-3","page","type-page","status-publish","hentry"],"yoast_head":"<!-- This site is optimized with the Yoast SEO plugin v26.8 - https:\/\/yoast.com\/product\/yoast-seo-wordpress\/ -->\n<title>Pol\u00edtica de privacidad - Entroido de Viana do Bolo<\/title>\n<meta name=\"robots\" content=\"noindex, nofollow\" \/>\n<meta property=\"og:locale\" content=\"gl_ES\" \/>\n<meta property=\"og:type\" content=\"article\" \/>\n<meta property=\"og:title\" content=\"Pol\u00edtica de privacidad - Entroido de Viana do Bolo\" \/>\n<meta property=\"og:description\" content=\"El presente sitio web tiene como finalidad ofrecer informaci\u00f3n y servicios p\u00fablicos de los ayuntamientos titulares. No se recopilan datos personales de los usuarios a trav\u00e9s de este sitio web. 1. USO DE COOKIES Este sitio web \u00fanicamente utiliza cookies t\u00e9cnicas necesarias para su funcionamiento, que no permiten identificar al usuario. No se emplean cookies [&hellip;]\" \/>\n<meta property=\"og:url\" content=\"https:\/\/entroidodevianadobolo.gal\/gl\/politica-privacidad\/\" \/>\n<meta property=\"og:site_name\" content=\"Entroido de Viana do Bolo\" \/>\n<meta property=\"article:publisher\" content=\"https:\/\/www.facebook.com\/EntroidodeVianadoBolo\" \/>\n<meta property=\"article:modified_time\" content=\"2025-02-21T14:25:21+00:00\" \/>\n<meta property=\"og:image\" content=\"https:\/\/entroidodevianadobolo.gal\/wp-content\/uploads\/2024\/01\/fondo-video.jpg\" \/>\n\t<meta property=\"og:image:width\" content=\"1170\" \/>\n\t<meta property=\"og:image:height\" content=\"779\" \/>\n\t<meta property=\"og:image:type\" content=\"image\/jpeg\" \/>\n<meta name=\"twitter:card\" content=\"summary_large_image\" \/>\n<meta name=\"twitter:site\" content=\"@entroidovianabo\" \/>\n<script type=\"application\/ld+json\" class=\"yoast-schema-graph\">{\"@context\":\"https:\/\/schema.org\",\"@graph\":[{\"@type\":\"WebPage\",\"@id\":\"https:\/\/entroidodevianadobolo.gal\/politica-privacidad\/\",\"url\":\"https:\/\/entroidodevianadobolo.gal\/politica-privacidad\/\",\"name\":\"Pol\u00edtica de privacidad - Entroido de Viana do Bolo\",\"isPartOf\":{\"@id\":\"https:\/\/entroidodevianadobolo.gal\/gl\/#website\"},\"datePublished\":\"2023-12-22T10:06:50+00:00\",\"dateModified\":\"2025-02-21T14:25:21+00:00\",\"breadcrumb\":{\"@id\":\"https:\/\/entroidodevianadobolo.gal\/politica-privacidad\/#breadcrumb\"},\"inLanguage\":\"gl-ES\",\"potentialAction\":[{\"@type\":\"ReadAction\",\"target\":[\"https:\/\/entroidodevianadobolo.gal\/politica-privacidad\/\"]}]},{\"@type\":\"BreadcrumbList\",\"@id\":\"https:\/\/entroidodevianadobolo.gal\/politica-privacidad\/#breadcrumb\",\"itemListElement\":[{\"@type\":\"ListItem\",\"position\":1,\"name\":\"Portada\",\"item\":\"https:\/\/entroidodevianadobolo.gal\/\"},{\"@type\":\"ListItem\",\"position\":2,\"name\":\"Pol\u00edtica de privacidad\"}]},{\"@type\":\"WebSite\",\"@id\":\"https:\/\/entroidodevianadobolo.gal\/gl\/#website\",\"url\":\"https:\/\/entroidodevianadobolo.gal\/gl\/\",\"name\":\"Entroido de Viana do Bolo\",\"description\":\"\",\"publisher\":{\"@id\":\"https:\/\/entroidodevianadobolo.gal\/gl\/#organization\"},\"potentialAction\":[{\"@type\":\"SearchAction\",\"target\":{\"@type\":\"EntryPoint\",\"urlTemplate\":\"https:\/\/entroidodevianadobolo.gal\/gl\/?s={search_term_string}\"},\"query-input\":{\"@type\":\"PropertyValueSpecification\",\"valueRequired\":true,\"valueName\":\"search_term_string\"}}],\"inLanguage\":\"gl-ES\"},{\"@type\":\"Organization\",\"@id\":\"https:\/\/entroidodevianadobolo.gal\/gl\/#organization\",\"name\":\"Entroido de Viana do Bolo\",\"url\":\"https:\/\/entroidodevianadobolo.gal\/gl\/\",\"logo\":{\"@type\":\"ImageObject\",\"inLanguage\":\"gl-ES\",\"@id\":\"https:\/\/entroidodevianadobolo.gal\/gl\/#\/schema\/logo\/image\/\",\"url\":\"https:\/\/entroidodevianadobolo.gal\/wp-content\/uploads\/2024\/01\/fondo-video.jpg\",\"contentUrl\":\"https:\/\/entroidodevianadobolo.gal\/wp-content\/uploads\/2024\/01\/fondo-video.jpg\",\"width\":1170,\"height\":779,\"caption\":\"Entroido de Viana do Bolo\"},\"image\":{\"@id\":\"https:\/\/entroidodevianadobolo.gal\/gl\/#\/schema\/logo\/image\/\"},\"sameAs\":[\"https:\/\/www.facebook.com\/EntroidodeVianadoBolo\",\"https:\/\/x.com\/entroidovianabo\",\"https:\/\/www.instagram.com\/entroidodevianadobolo\/\"]}]}<\/script>\n<!-- \/ Yoast SEO plugin. -->","yoast_head_json":{"title":"Pol\u00edtica de privacidad - Entroido de Viana do Bolo","robots":{"index":"noindex","follow":"nofollow"},"og_locale":"gl_ES","og_type":"article","og_title":"Pol\u00edtica de privacidad - Entroido de Viana do Bolo","og_description":"El presente sitio web tiene como finalidad ofrecer informaci\u00f3n y servicios p\u00fablicos de los ayuntamientos titulares. No se recopilan datos personales de los usuarios a trav\u00e9s de este sitio web. 1. USO DE COOKIES Este sitio web \u00fanicamente utiliza cookies t\u00e9cnicas necesarias para su funcionamiento, que no permiten identificar al usuario. No se emplean cookies [&hellip;]","og_url":"https:\/\/entroidodevianadobolo.gal\/gl\/politica-privacidad\/","og_site_name":"Entroido de Viana do Bolo","article_publisher":"https:\/\/www.facebook.com\/EntroidodeVianadoBolo","article_modified_time":"2025-02-21T14:25:21+00:00","og_image":[{"width":1170,"height":779,"url":"https:\/\/entroidodevianadobolo.gal\/wp-content\/uploads\/2024\/01\/fondo-video.jpg","type":"image\/jpeg"}],"twitter_card":"summary_large_image","twitter_site":"@entroidovianabo","schema":{"@context":"https:\/\/schema.org","@graph":[{"@type":"WebPage","@id":"https:\/\/entroidodevianadobolo.gal\/politica-privacidad\/","url":"https:\/\/entroidodevianadobolo.gal\/politica-privacidad\/","name":"Pol\u00edtica de privacidad - Entroido de Viana do Bolo","isPartOf":{"@id":"https:\/\/entroidodevianadobolo.gal\/gl\/#website"},"datePublished":"2023-12-22T10:06:50+00:00","dateModified":"2025-02-21T14:25:21+00:00","breadcrumb":{"@id":"https:\/\/entroidodevianadobolo.gal\/politica-privacidad\/#breadcrumb"},"inLanguage":"gl-ES","potentialAction":[{"@type":"ReadAction","target":["https:\/\/entroidodevianadobolo.gal\/politica-privacidad\/"]}]},{"@type":"BreadcrumbList","@id":"https:\/\/entroidodevianadobolo.gal\/politica-privacidad\/#breadcrumb","itemListElement":[{"@type":"ListItem","position":1,"name":"Portada","item":"https:\/\/entroidodevianadobolo.gal\/"},{"@type":"ListItem","position":2,"name":"Pol\u00edtica de privacidad"}]},{"@type":"WebSite","@id":"https:\/\/entroidodevianadobolo.gal\/gl\/#website","url":"https:\/\/entroidodevianadobolo.gal\/gl\/","name":"Entroido de Viana do Bolo","description":"","publisher":{"@id":"https:\/\/entroidodevianadobolo.gal\/gl\/#organization"},"potentialAction":[{"@type":"SearchAction","target":{"@type":"EntryPoint","urlTemplate":"https:\/\/entroidodevianadobolo.gal\/gl\/?s={search_term_string}"},"query-input":{"@type":"PropertyValueSpecification","valueRequired":true,"valueName":"search_term_string"}}],"inLanguage":"gl-ES"},{"@type":"Organization","@id":"https:\/\/entroidodevianadobolo.gal\/gl\/#organization","name":"Entroido de Viana do Bolo","url":"https:\/\/entroidodevianadobolo.gal\/gl\/","logo":{"@type":"ImageObject","inLanguage":"gl-ES","@id":"https:\/\/entroidodevianadobolo.gal\/gl\/#\/schema\/logo\/image\/","url":"https:\/\/entroidodevianadobolo.gal\/wp-content\/uploads\/2024\/01\/fondo-video.jpg","contentUrl":"https:\/\/entroidodevianadobolo.gal\/wp-content\/uploads\/2024\/01\/fondo-video.jpg","width":1170,"height":779,"caption":"Entroido de Viana do Bolo"},"image":{"@id":"https:\/\/entroidodevianadobolo.gal\/gl\/#\/schema\/logo\/image\/"},"sameAs":["https:\/\/www.facebook.com\/EntroidodeVianadoBolo","https:\/\/x.com\/entroidovianabo","https:\/\/www.instagram.com\/entroidodevianadobolo\/"]}]}},"_links":{"self":[{"href":"https:\/\/entroidodevianadobolo.gal\/gl\/wp-json\/wp\/v2\/pages\/3","targetHints":{"allow":["GET"]}}],"collection":[{"href":"https:\/\/entroidodevianadobolo.gal\/gl\/wp-json\/wp\/v2\/pages"}],"about":[{"href":"https:\/\/entroidodevianadobolo.gal\/gl\/wp-json\/wp\/v2\/types\/page"}],"author":[{"embeddable":true,"href":"https:\/\/entroidodevianadobolo.gal\/gl\/wp-json\/wp\/v2\/users\/1"}],"replies":[{"embeddable":true,"href":"https:\/\/entroidodevianadobolo.gal\/gl\/wp-json\/wp\/v2\/comments?post=3"}],"version-history":[{"count":5,"href":"https:\/\/entroidodevianadobolo.gal\/gl\/wp-json\/wp\/v2\/pages\/3\/revisions"}],"predecessor-version":[{"id":14305,"href":"https:\/\/entroidodevianadobolo.gal\/gl\/wp-json\/wp\/v2\/pages\/3\/revisions\/14305"}],"wp:attachment":[{"href":"https:\/\/entroidodevianadobolo.gal\/gl\/wp-json\/wp\/v2\/media?parent=3"}],"curies":[{"name":"wp","href":"https:\/\/api.w.org\/{rel}","templated":true}]}}